{"id":612,"date":"2021-03-26T10:04:13","date_gmt":"2021-03-26T10:04:13","guid":{"rendered":"http:\/\/localhost\/nuss\/?page_id=612"},"modified":"2025-12-05T07:00:27","modified_gmt":"2025-12-05T07:00:27","slug":"restaurante-2","status":"publish","type":"page","link":"https:\/\/shinjukuwashingtonhotels.com\/es\/restaurant\/","title":{"rendered":"Restaurante"},"content":{"rendered":"<div data-elementor-type=\"wp-page\" data-elementor-id=\"612\" class=\"elementor elementor-612\">\n\t\t\t\t\t\t<section class=\"elementor-section elementor-top-section elementor-element elementor-element-e2effe8 elementor-section-boxed elementor-section-gap-beside-yes elementor-section-height-default elementor-section-height-default elementor-section-column-vertical-align-stretch\" data-id=\"e2effe8\" data-element_type=\"section\" data-e-type=\"section\">\n\t\t\t\t\t\t<div class=\"elementor-container elementor-column-gap-extended\">\n\t\t\t\t\t<div class=\"elementor-column elementor-col-100 elementor-top-column elementor-element elementor-element-e18f688\" data-id=\"e18f688\" data-element_type=\"column\" data-e-type=\"column\">\n\t\t\t<div class=\"elementor-widget-wrap elementor-element-populated\">\n\t\t\t\t\t\t<div class=\"elementor-element elementor-element-6db146d elementor-widget__width-initial elementor-invisible elementor-widget elementor-widget-text-editor\" data-id=\"6db146d\" data-element_type=\"widget\" data-e-type=\"widget\" data-settings=\"{&quot;_animation&quot;:&quot;nussFadeInUp&quot;}\" data-widget_type=\"text-editor.default\">\n\t\t\t\t<div class=\"elementor-widget-container\">\n\t\t\t\t\t\t\t\t\t<p>Ubicado en el piso 25 del Hotel Shinjuku Washington, Manhattan Table ofrece un sofisticado santuario gastron\u00f3mico sobre el electrizante horizonte de Tokio. Este restaurante contempor\u00e1neo combina ingeniosamente la precisi\u00f3n japonesa con el estilo internacional, creando una atm\u00f3sfera donde la energ\u00eda de la ciudad se transforma en excelencia culinaria.<\/p>\t\t\t\t\t\t\t\t<\/div>\n\t\t\t\t<\/div>\n\t\t\t\t\t<\/div>\n\t\t<\/div>\n\t\t\t\t\t<\/div>\n\t\t<\/section>\n\t\t<div class=\"elementor-element elementor-element-bf3bb34 e-flex e-con-boxed e-con e-parent\" data-id=\"bf3bb34\" data-element_type=\"container\" data-e-type=\"container\">\n\t\t\t\t\t<div class=\"e-con-inner\">\n\t\t<div class=\"elementor-element elementor-element-543c12c e-con-full e-flex e-con e-child\" data-id=\"543c12c\" data-element_type=\"container\" data-e-type=\"container\">\n\t\t\t\t<div class=\"elementor-element elementor-element-8beb8df elementor-widget elementor-widget-text-editor\" data-id=\"8beb8df\" data-element_type=\"widget\" data-e-type=\"widget\" data-widget_type=\"text-editor.default\">\n\t\t\t\t<div class=\"elementor-widget-container\">\n\t\t\t\t\t\t\t\t\tLos ventanales del piso al techo enmarcan vistas espectaculares del resplandeciente paisaje urbano de Shinjuku y del lejano monte Fuji, lo que proporciona un tel\u00f3n de fondo espectacular para su experiencia gastron\u00f3mica. El dise\u00f1o moderno del restaurante, con sus c\u00e1lidos detalles en madera y su iluminaci\u00f3n sutil, crea un ambiente \u00edntimo a pesar de su imponente ubicaci\u00f3n.\t\t\t\t\t\t\t\t<\/div>\n\t\t\t\t<\/div>\n\t\t\t\t<\/div>\n\t\t<div class=\"elementor-element elementor-element-384c79f e-con-full e-flex e-con e-child\" data-id=\"384c79f\" data-element_type=\"container\" data-e-type=\"container\">\n\t\t\t\t<div class=\"elementor-element elementor-element-f2f7365 elementor-widget elementor-widget-image\" data-id=\"f2f7365\" data-element_type=\"widget\" data-e-type=\"widget\" data-widget_type=\"image.default\">\n\t\t\t\t<div class=\"elementor-widget-container\">\n\t\t\t\t\t\t\t\t\t\t\t\t\t\t\t<img fetchpriority=\"high\" decoding=\"async\" width=\"1000\" height=\"667\" src=\"https:\/\/shinjukuwashingtonhotels.com\/wp-content\/uploads\/2025\/01\/washington-hotel-shinjuku-banner.jpg\" class=\"attachment-large size-large wp-image-5519\" alt=\"\" srcset=\"https:\/\/shinjukuwashingtonhotels.com\/wp-content\/uploads\/2025\/01\/washington-hotel-shinjuku-banner.jpg 1000w, https:\/\/shinjukuwashingtonhotels.com\/wp-content\/uploads\/2025\/01\/washington-hotel-shinjuku-banner-300x200.jpg 300w, https:\/\/shinjukuwashingtonhotels.com\/wp-content\/uploads\/2025\/01\/washington-hotel-shinjuku-banner-768x512.jpg 768w\" sizes=\"(max-width: 1000px) 100vw, 1000px\" \/>\t\t\t\t\t\t\t\t\t\t\t\t\t\t\t<\/div>\n\t\t\t\t<\/div>\n\t\t\t\t<\/div>\n\t\t\t\t\t<\/div>\n\t\t\t\t<\/div>\n\t\t<div class=\"elementor-element elementor-element-d359b88 e-flex e-con-boxed e-con e-parent\" data-id=\"d359b88\" data-element_type=\"container\" data-e-type=\"container\">\n\t\t\t\t\t<div class=\"e-con-inner\">\n\t\t<div class=\"elementor-element elementor-element-a5a621d e-con-full e-flex e-con e-child\" data-id=\"a5a621d\" data-element_type=\"container\" data-e-type=\"container\">\n\t\t\t\t<div class=\"elementor-element elementor-element-84216b5 elementor-widget elementor-widget-image\" data-id=\"84216b5\" data-element_type=\"widget\" data-e-type=\"widget\" data-widget_type=\"image.default\">\n\t\t\t\t<div class=\"elementor-widget-container\">\n\t\t\t\t\t\t\t\t\t\t\t\t\t\t\t<img decoding=\"async\" width=\"1024\" height=\"683\" src=\"https:\/\/shinjukuwashingtonhotels.com\/wp-content\/uploads\/2025\/01\/breakfast-at-washington-hotel-1024x683.jpg\" class=\"attachment-large size-large wp-image-5573\" alt=\"\" srcset=\"https:\/\/shinjukuwashingtonhotels.com\/wp-content\/uploads\/2025\/01\/breakfast-at-washington-hotel-1024x683.jpg 1024w, https:\/\/shinjukuwashingtonhotels.com\/wp-content\/uploads\/2025\/01\/breakfast-at-washington-hotel-300x200.jpg 300w, https:\/\/shinjukuwashingtonhotels.com\/wp-content\/uploads\/2025\/01\/breakfast-at-washington-hotel-768x512.jpg 768w, https:\/\/shinjukuwashingtonhotels.com\/wp-content\/uploads\/2025\/01\/breakfast-at-washington-hotel.jpg 1200w\" sizes=\"(max-width: 1024px) 100vw, 1024px\" \/>\t\t\t\t\t\t\t\t\t\t\t\t\t\t\t<\/div>\n\t\t\t\t<\/div>\n\t\t\t\t<\/div>\n\t\t<div class=\"elementor-element elementor-element-7ce74e0 e-con-full e-flex e-con e-child\" data-id=\"7ce74e0\" data-element_type=\"container\" data-e-type=\"container\">\n\t\t\t\t<div class=\"elementor-element elementor-element-79a8916 elementor-widget elementor-widget-text-editor\" data-id=\"79a8916\" data-element_type=\"widget\" data-e-type=\"widget\" data-widget_type=\"text-editor.default\">\n\t\t\t\t<div class=\"elementor-widget-container\">\n\t\t\t\t\t\t\t\t\tNuestros chefs expertos elaboran men\u00fas de temporada que rinden homenaje a la cocina japonesa y occidental, con ingredientes de primera calidad procedentes de mercados locales y proveedores internacionales. Desde sushi preparado meticulosamente hasta filetes a la parrilla a la perfecci\u00f3n, cada plato se presenta como una obra de arte que combina con el impresionante panorama que se ve m\u00e1s all\u00e1 de nuestras ventanas.\t\t\t\t\t\t\t\t<\/div>\n\t\t\t\t<\/div>\n\t\t\t\t<\/div>\n\t\t\t\t\t<\/div>\n\t\t\t\t<\/div>\n\t\t<div class=\"elementor-element elementor-element-d7e122d e-flex e-con-boxed e-con e-parent\" data-id=\"d7e122d\" data-element_type=\"container\" data-e-type=\"container\">\n\t\t\t\t\t<div class=\"e-con-inner\">\n\t\t<div class=\"elementor-element elementor-element-8a8fa71 e-con-full e-flex e-con e-child\" data-id=\"8a8fa71\" data-element_type=\"container\" data-e-type=\"container\">\n\t\t\t\t<div class=\"elementor-element elementor-element-6098a59 elementor-widget elementor-widget-text-editor\" data-id=\"6098a59\" data-element_type=\"widget\" data-e-type=\"widget\" data-widget_type=\"text-editor.default\">\n\t\t\t\t<div class=\"elementor-widget-container\">\n\t\t\t\t\t\t\t\t\t<p>Ya sea que comience el d\u00eda con nuestro lujoso desayuno buffet, realice un almuerzo de negocios o disfrute de una cena rom\u00e1ntica, Manhattan Table ofrece una experiencia gastron\u00f3mica elevada que captura la esencia sofisticada del Tokio moderno al tiempo que brinda la comodidad y la excelencia en el servicio por las que es famoso el Shinjuku Washington Hotel.<\/p>\t\t\t\t\t\t\t\t<\/div>\n\t\t\t\t<\/div>\n\t\t\t\t<\/div>\n\t\t<div class=\"elementor-element elementor-element-9ff9360 e-con-full e-flex e-con e-child\" data-id=\"9ff9360\" data-element_type=\"container\" data-e-type=\"container\">\n\t\t\t\t<div class=\"elementor-element elementor-element-7814ee5 elementor-widget elementor-widget-image\" data-id=\"7814ee5\" data-element_type=\"widget\" data-e-type=\"widget\" data-widget_type=\"image.default\">\n\t\t\t\t<div class=\"elementor-widget-container\">\n\t\t\t\t\t\t\t\t\t\t\t\t\t\t\t<img decoding=\"async\" width=\"1024\" height=\"683\" src=\"https:\/\/shinjukuwashingtonhotels.com\/wp-content\/uploads\/2025\/01\/the-food-at-washington-hotel-1024x683.jpg\" class=\"attachment-large size-large wp-image-5574\" alt=\"\" srcset=\"https:\/\/shinjukuwashingtonhotels.com\/wp-content\/uploads\/2025\/01\/the-food-at-washington-hotel-1024x683.jpg 1024w, https:\/\/shinjukuwashingtonhotels.com\/wp-content\/uploads\/2025\/01\/the-food-at-washington-hotel-300x200.jpg 300w, https:\/\/shinjukuwashingtonhotels.com\/wp-content\/uploads\/2025\/01\/the-food-at-washington-hotel-768x512.jpg 768w, https:\/\/shinjukuwashingtonhotels.com\/wp-content\/uploads\/2025\/01\/the-food-at-washington-hotel.jpg 1200w\" sizes=\"(max-width: 1024px) 100vw, 1024px\" \/>\t\t\t\t\t\t\t\t\t\t\t\t\t\t\t<\/div>\n\t\t\t\t<\/div>\n\t\t\t\t<\/div>\n\t\t\t\t\t<\/div>\n\t\t\t\t<\/div>\n\t\t\t\t<\/div>","protected":false},"excerpt":{"rendered":"<p>Perched on the 25th floor of Shinjuku Washington Hotel, Manhattan Table offers a sophisticated dining sanctuary above Tokyo&#8217;s electric skyline. This contemporary restaurant artfully blends Japanese precision with international flair, creating an atmosphere where the city&#8217;s energy transforms into culinary excellence. Floor-to-ceiling windows frame spectacular views of Shinjuku&#8217;s glittering cityscape and distant Mount Fuji, providing [&hellip;]<\/p>\n","protected":false},"author":1,"featured_media":0,"parent":0,"menu_order":0,"comment_status":"closed","ping_status":"closed","template":"elementor_header_footer","meta":{"footnotes":""},"class_list":["post-612","page","type-page","status-publish","hentry","post-no-thumbnail"],"_links":{"self":[{"href":"https:\/\/shinjukuwashingtonhotels.com\/es\/wp-json\/wp\/v2\/pages\/612","targetHints":{"allow":["GET"]}}],"collection":[{"href":"https:\/\/shinjukuwashingtonhotels.com\/es\/wp-json\/wp\/v2\/pages"}],"about":[{"href":"https:\/\/shinjukuwashingtonhotels.com\/es\/wp-json\/wp\/v2\/types\/page"}],"author":[{"embeddable":true,"href":"https:\/\/shinjukuwashingtonhotels.com\/es\/wp-json\/wp\/v2\/users\/1"}],"replies":[{"embeddable":true,"href":"https:\/\/shinjukuwashingtonhotels.com\/es\/wp-json\/wp\/v2\/comments?post=612"}],"version-history":[{"count":0,"href":"https:\/\/shinjukuwashingtonhotels.com\/es\/wp-json\/wp\/v2\/pages\/612\/revisions"}],"wp:attachment":[{"href":"https:\/\/shinjukuwashingtonhotels.com\/es\/wp-json\/wp\/v2\/media?parent=612"}],"curies":[{"name":"wp","href":"https:\/\/api.w.org\/{rel}","templated":true}]}}